{"id":1058,"date":"2022-02-15T16:38:11","date_gmt":"2022-02-15T15:38:11","guid":{"rendered":"https:\/\/www.nm-gebaeude.de\/?page_id=1058"},"modified":"2022-02-15T16:49:39","modified_gmt":"2022-02-15T15:49:39","slug":"erdgeschoss-wohnung-10","status":"publish","type":"page","link":"https:\/\/www.nm-gebaeude.de\/?page_id=1058","title":{"rendered":"Wohnung Nr. 10 (Erdgeschoss Haus 2)"},"content":{"rendered":"<p><div class=\"fusion-fullwidth fullwidth-box fusion-builder-row-1 fusion-flex-container nonhundred-percent-fullwidth non-hundred-percent-height-scrolling\" style=\"background-color: #ffffff;background-position: left top;background-repeat: no-repeat;border-width: 0px 0px 0px 0px;border-color:#eae9e9;border-style:solid;\" ><div class=\"fusion-builder-row fusion-row fusion-flex-align-items-flex-start\" style=\"max-width:1144px;margin-left: calc(-4% \/ 2 );margin-right: calc(-4% \/ 2 );\"><div class=\"fusion-layout-column fusion_builder_column fusion-builder-column-0 fusion_builder_column_2_3 2_3 fusion-flex-column\"><div class=\"fusion-column-wrapper fusion-flex-justify-content-flex-start fusion-content-layout-column\" style=\"background-position:left top;background-blend-mode: overlay;background-repeat:no-repeat;-webkit-background-size:cover;-moz-background-size:cover;-o-background-size:cover;background-size:cover;padding: 0px 0px 0px 0px;\"><div class=\"fusion-text fusion-text-1\"><h2>Wohnung 10 | Erdgeschoss | Haus 2<\/h2>\n<h2>3-Zimmer-Wohnung 134,69 qm<\/h2>\n<\/div><div class=\"fusion-separator fusion-full-width-sep\" style=\"align-self: center;margin-left: auto;margin-right: auto;margin-top:10px;margin-bottom:10px;width:100%;\"><div class=\"fusion-separator-border sep-double sep-solid\" style=\"border-color:#e0dede;border-top-width:1px;border-bottom-width:1px;\"><\/div><\/div><div class=\"fusion-text fusion-text-2\"><p>Den detaillierten Grundriss der Wohnung k\u00f6nnen Sie <strong><a title=\"Wohnung 1\" href=\"https:\/\/www.nm-gebaeude.de\/_wp\/wp-content\/uploads\/grundrisse\/EXPOSE-H2_EG_W10.pdf\" target=\"_blank\" rel=\"noopener\">hier<\/a><\/strong> im Format A3 ansehen, speichern und ausdrucken.<\/p>\n<\/div><\/div><style type=\"text\/css\">.fusion-body .fusion-builder-column-0{width:66.666666666667% !important;margin-top : 0px;margin-bottom : 20px;}.fusion-builder-column-0 > .fusion-column-wrapper {padding-top : 0 !important;padding-right : 0 !important;margin-right : 2.88%;padding-bottom : 0 !important;padding-left : 0 !important;margin-left : 2.88%;}@media only screen and (max-width:1024px) {.fusion-body .fusion-builder-column-0{width:66.666666666667% !important;}.fusion-builder-column-0 > .fusion-column-wrapper {margin-right : 2.88%;margin-left : 2.88%;}}@media only screen and (max-width:640px) {.fusion-body .fusion-builder-column-0{width:100% !important;}.fusion-builder-column-0 > .fusion-column-wrapper {margin-right : 1.92%;margin-left : 1.92%;}}<\/style><\/div><div class=\"fusion-layout-column fusion_builder_column fusion-builder-column-1 fusion_builder_column_1_6 1_6 fusion-flex-column\"><div class=\"fusion-column-wrapper fusion-flex-justify-content-flex-start fusion-content-layout-column\" style=\"background-position:left top;background-blend-mode: overlay;background-repeat:no-repeat;-webkit-background-size:cover;-moz-background-size:cover;-o-background-size:cover;background-size:cover;padding: 0px 0px 0px 0px;\"><div class=\"fusion-text fusion-text-3\"><p style=\"text-align: right;\">zur Vergr\u00f6\u00dferung der Ansicht bitte auf die Abbildung klicken<\/p>\n<\/div><\/div><style type=\"text\/css\">.fusion-body .fusion-builder-column-1{width:16.666666666667% !important;margin-top : 0px;margin-bottom : 20px;}.fusion-builder-column-1 > .fusion-column-wrapper {padding-top : 0px !important;padding-right : 0px !important;margin-right : 11.52%;padding-bottom : 0px !important;padding-left : 0px !important;margin-left : 11.52%;}@media only screen and (max-width:1024px) {.fusion-body .fusion-builder-column-1{width:16.666666666667% !important;}.fusion-builder-column-1 > .fusion-column-wrapper {margin-right : 11.52%;margin-left : 11.52%;}}@media only screen and (max-width:640px) {.fusion-body .fusion-builder-column-1{width:100% !important;}.fusion-builder-column-1 > .fusion-column-wrapper {margin-right : 1.92%;margin-left : 1.92%;}}<\/style><\/div><div class=\"fusion-layout-column fusion_builder_column fusion-builder-column-2 fusion_builder_column_1_6 1_6 fusion-flex-column\"><div class=\"fusion-column-wrapper fusion-flex-justify-content-flex-start fusion-content-layout-column\" style=\"background-position:left top;background-blend-mode: overlay;background-repeat:no-repeat;-webkit-background-size:cover;-moz-background-size:cover;-o-background-size:cover;background-size:cover;padding: 0px 0px 0px 0px;\"><div ><span class=\" fusion-imageframe imageframe-none imageframe-1 hover-type-none fusion-animated\" data-animationType=\"zoomInDown\" data-animationDuration=\"0.1\" data-animationOffset=\"top-into-view\"><a href=\"https:\/\/www.nm-gebaeude.de\/_wp\/wp-content\/uploads\/EXPOSE-H2-EG-W10-1-882x1024.jpg\" class=\"fusion-lightbox\" data-rel=\"iLightbox[d343541a0058562d178]\" data-title=\"EXPOSE-H2 EG W10\" title=\"EXPOSE-H2 EG W10\"><img width=\"882\" height=\"1024\" alt=\"Grundriss\" src=\"https:\/\/www.nm-gebaeude.de\/_wp\/wp-content\/uploads\/EXPOSE-H2-EG-W10-1-882x1024.jpg\" class=\"img-responsive wp-image-917\" srcset=\"https:\/\/www.nm-gebaeude.de\/_wp\/wp-content\/uploads\/EXPOSE-H2-EG-W10-1-200x232.jpg 200w, https:\/\/www.nm-gebaeude.de\/_wp\/wp-content\/uploads\/EXPOSE-H2-EG-W10-1-400x465.jpg 400w, https:\/\/www.nm-gebaeude.de\/_wp\/wp-content\/uploads\/EXPOSE-H2-EG-W10-1-600x697.jpg 600w, https:\/\/www.nm-gebaeude.de\/_wp\/wp-content\/uploads\/EXPOSE-H2-EG-W10-1-800x929.jpg 800w, https:\/\/www.nm-gebaeude.de\/_wp\/wp-content\/uploads\/EXPOSE-H2-EG-W10-1-1200x1394.jpg 1200w\" sizes=\"(max-width: 640px) 100vw, 200px\" \/><\/a><\/span><\/div><\/div><style type=\"text\/css\">.fusion-body .fusion-builder-column-2{width:16.666666666667% !important;margin-top : 0px;margin-bottom : 20px;}.fusion-builder-column-2 > .fusion-column-wrapper {padding-top : 0px !important;padding-right : 0px !important;margin-right : 11.52%;padding-bottom : 0px !important;padding-left : 0px !important;margin-left : 11.52%;}@media only screen and (max-width:1024px) {.fusion-body .fusion-builder-column-2{width:16.666666666667% !important;}.fusion-builder-column-2 > .fusion-column-wrapper {margin-right : 11.52%;margin-left : 11.52%;}}@media only screen and (max-width:640px) {.fusion-body .fusion-builder-column-2{width:100% !important;}.fusion-builder-column-2 > .fusion-column-wrapper {margin-right : 1.92%;margin-left : 1.92%;}}<\/style><\/div><\/div><style type=\"text\/css\">.fusion-body .fusion-flex-container.fusion-builder-row-1{ padding-top : 10px;margin-top : 0px;padding-right : 0px;padding-bottom : 5px;margin-bottom : 0px;padding-left : 0px;}<\/style><\/div><div class=\"fusion-fullwidth fullwidth-box fusion-builder-row-2 fusion-flex-container nonhundred-percent-fullwidth non-hundred-percent-height-scrolling\" style=\"background-color: rgba(255,255,255,0);background-position: center center;background-repeat: no-repeat;border-width: 0px 0px 0px 0px;border-color:#eae9e9;border-style:solid;\" ><div class=\"fusion-builder-row fusion-row fusion-flex-align-items-flex-start\" style=\"max-width:1144px;margin-left: calc(-4% \/ 2 );margin-right: calc(-4% \/ 2 );\"><div class=\"fusion-layout-column fusion_builder_column fusion-builder-column-3 fusion_builder_column_2_3 2_3 fusion-flex-column fusion-flex-align-self-flex-start\"><div class=\"fusion-column-wrapper fusion-flex-justify-content-space-between fusion-content-layout-column\" style=\"background-position:left top;background-repeat:no-repeat;-webkit-background-size:cover;-moz-background-size:cover;-o-background-size:cover;background-size:cover;background-color:#f9f9f9;padding: 10px 10px 0px 10px;\"><div class=\"fusion-text fusion-text-4\"><h2>Grundausstattung:<\/h2>\n<p>Im Folgenden finden Sie eine kurze \u00dcbersicht zur Wohnungsausstattung. Ausf\u00fchrliche Informationen entnehmen Sie bitte unserer <a href=\"https:\/\/www.nm-gebaeude.de\/?page_id=895\"><strong>Baubeschreibung<\/strong><\/a>.<\/p>\n<ul>\n<li>Die Wohnung wird mit Fu\u00dfbodenheizung ausgestattet, dabei erhalten die B\u00f6den im Wohnbereich einen hochwertigen Vinylboden mit Sockelleisten.<\/li>\n<li>W\u00e4nde und Decken werden mit Raufasertapete und deckendem Dispersionsanstrich im Farbton wei\u00df oder hellget\u00f6nt beschichtet.<\/li>\n<li>Die Fenster bestehen aus 3-fach isolierverglasten Kunststoff-Elementen, Farbe innen wei\u00df, au\u00dfen anthrazit.<\/li>\n<li>Im Zugangsbereich zu den Terrassen und Balkonen werden i.d. Regel zweifl\u00fcgelige Fensterelemente mit einem Geh- und einem Standfl\u00fcgel verwendet.<\/li>\n<li>In den Duschb\u00e4dern und G\u00e4ste-WCs wird der Fliesenbelag im Duschbereich ca. 2,20 m hoch ausgef\u00fchrt.<br \/>\nDie restlichen Wandfl\u00e4chen erhalten je nach Gestaltungskonzept eine Tapezierung mit Malervlies und deckendem Farbanstrich.<\/li>\n<li>Die Sanit\u00e4robjekte bestehen aus wei\u00dfem Porzellan. Alle Armaturen werden als Einhebelmischbatterie &#8211; Messing verchromt &#8211; ausgelegt.<\/li>\n<\/ul>\n<h2>Kaltmiete:<\/h2>\n<p>Wohnung: <strong>1500,00 \u20ac\u00a0 \/ Monat plus Nebenkosten<\/strong><\/p>\n<p>Stellplatz:\u00a0\u00a0 <strong>65,00 \u20ac \/ Monat (optional)<br \/>\n<\/strong>f\u00fcr weitere Infos zum Stellplatz wie Lage und Gr\u00f6\u00dfe klicken Sie bitte <a href=\"https:\/\/www.nm-gebaeude.de\/?page_id=968\"><strong>hier<\/strong><\/a>.<\/p>\n<\/div><\/div><style type=\"text\/css\">.fusion-body .fusion-builder-column-3{width:66.666666666667% !important;margin-top : 0px;margin-bottom : 20px;}.fusion-builder-column-3 > .fusion-column-wrapper {padding-top : 10 !important;padding-right : 10 !important;margin-right : 2.88%;padding-bottom : 0px !important;padding-left : 10 !important;margin-left : 2.88%;}@media only screen and (max-width:1024px) {.fusion-body .fusion-builder-column-3{width:66.666666666667% !important;}.fusion-builder-column-3 > .fusion-column-wrapper {margin-right : 2.88%;margin-left : 2.88%;}}@media only screen and (max-width:640px) {.fusion-body .fusion-builder-column-3{width:100% !important;}.fusion-builder-column-3 > .fusion-column-wrapper {margin-right : 1.92%;margin-left : 1.92%;}}<\/style><\/div><div class=\"fusion-layout-column fusion_builder_column fusion-builder-column-4 fusion_builder_column_1_6 1_6 fusion-flex-column\"><div class=\"fusion-column-wrapper fusion-flex-justify-content-flex-start fusion-content-layout-column\" style=\"background-position:left top;background-repeat:no-repeat;-webkit-background-size:cover;-moz-background-size:cover;-o-background-size:cover;background-size:cover;background-color:#f8f8f8;padding: 3px 3px 3px 3px;\"><div class=\"fusion-text fusion-text-5\"><p style=\"text-align: right;\">Schlafzimmer:<br \/>\nZimmer 1:<br \/>\nZimmer 2:<br \/>\nWohnen \/ Essen:<br \/>\nK\u00fcche:<br \/>\nWC \/ DU:<br \/>\nWC:<br \/>\nABST.:<br \/>\nFlur:<br \/>\nGarderobe:<br \/>\nTerrasse:<\/p>\n<\/div><\/div><style type=\"text\/css\">.fusion-body .fusion-builder-column-4{width:16.666666666667% !important;margin-top : 0px;margin-bottom : 20px;}.fusion-builder-column-4 > .fusion-column-wrapper {padding-top : 3px !important;padding-right : 3px !important;margin-right : 0px;padding-bottom : 3px !important;padding-left : 3px !important;margin-left : 11.52%;}@media only screen and (max-width:1024px) {.fusion-body .fusion-builder-column-4{width:16.666666666667% !important;}.fusion-builder-column-4 > .fusion-column-wrapper {margin-right : 0px;margin-left : 11.52%;}}@media only screen and (max-width:640px) {.fusion-body .fusion-builder-column-4{width:100% !important;}.fusion-builder-column-4 > .fusion-column-wrapper {margin-right : 1.92%;margin-left : 1.92%;}}<\/style><\/div><div class=\"fusion-layout-column fusion_builder_column fusion-builder-column-5 fusion_builder_column_1_6 1_6 fusion-flex-column\"><div class=\"fusion-column-wrapper fusion-flex-justify-content-flex-start fusion-content-layout-column\" style=\"background-position:left top;background-repeat:no-repeat;-webkit-background-size:cover;-moz-background-size:cover;-o-background-size:cover;background-size:cover;background-color:#f8f8f8;padding: 3px 3px 3px 3px;\"><div class=\"fusion-text fusion-text-6\"><p style=\"text-align: left;\">18,00 m\u00b2<br \/>\n13,85 m\u00b2<br \/>\n15,72 m\u00b2<br \/>\n41,35 m\u00b2<br \/>\n7,90 m\u00b2<br \/>\n7,40 m\u00b2<br \/>\n2,80 m\u00b2<br \/>\n2,10 m\u00b2<br \/>\n13,87 m\u00b2<br \/>\n1,65 m\u00b2<br \/>\n10,05 m\u00b2<\/p>\n<\/div><\/div><style type=\"text\/css\">.fusion-body .fusion-builder-column-5{width:16.666666666667% !important;margin-top : 0px;margin-bottom : 20px;}.fusion-builder-column-5 > .fusion-column-wrapper {padding-top : 3px !important;padding-right : 3px !important;margin-right : 11.52%;padding-bottom : 3px !important;padding-left : 3px !important;margin-left : 0px;}@media only screen and (max-width:1024px) {.fusion-body .fusion-builder-column-5{width:16.666666666667% !important;}.fusion-builder-column-5 > .fusion-column-wrapper {margin-right : 11.52%;margin-left : 0px;}}@media only screen and (max-width:640px) {.fusion-body .fusion-builder-column-5{width:100% !important;}.fusion-builder-column-5 > .fusion-column-wrapper {margin-right : 1.92%;margin-left : 1.92%;}}<\/style><\/div><\/div><style type=\"text\/css\">.fusion-body .fusion-flex-container.fusion-builder-row-2{ padding-top : 0px;margin-top : 0px;padding-right : 0px;padding-bottom : 0px;margin-bottom : 0px;padding-left : 0px;}<\/style><\/div><\/p>\n","protected":false},"excerpt":{"rendered":"","protected":false},"author":1,"featured_media":0,"parent":0,"menu_order":1,"comment_status":"closed","ping_status":"closed","template":"","meta":[],"_links":{"self":[{"href":"https:\/\/www.nm-gebaeude.de\/index.php?rest_route=\/wp\/v2\/pages\/1058"}],"collection":[{"href":"https:\/\/www.nm-gebaeude.de\/index.php?rest_route=\/wp\/v2\/pages"}],"about":[{"href":"https:\/\/www.nm-gebaeude.de\/index.php?rest_route=\/wp\/v2\/types\/page"}],"author":[{"embeddable":true,"href":"https:\/\/www.nm-gebaeude.de\/index.php?rest_route=\/wp\/v2\/users\/1"}],"replies":[{"embeddable":true,"href":"https:\/\/www.nm-gebaeude.de\/index.php?rest_route=%2Fwp%2Fv2%2Fcomments&post=1058"}],"version-history":[{"count":4,"href":"https:\/\/www.nm-gebaeude.de\/index.php?rest_route=\/wp\/v2\/pages\/1058\/revisions"}],"predecessor-version":[{"id":1063,"href":"https:\/\/www.nm-gebaeude.de\/index.php?rest_route=\/wp\/v2\/pages\/1058\/revisions\/1063"}],"wp:attachment":[{"href":"https:\/\/www.nm-gebaeude.de\/index.php?rest_route=%2Fwp%2Fv2%2Fmedia&parent=1058"}],"curies":[{"name":"wp","href":"https:\/\/api.w.org\/{rel}","templated":true}]}}